{"id":35,"date":"2014-03-17T18:59:14","date_gmt":"2014-03-17T18:59:14","guid":{"rendered":"http:\/\/www.artreade.dk\/?page_id=35"},"modified":"2015-05-28T12:59:05","modified_gmt":"2015-05-28T12:59:05","slug":"iris","status":"publish","type":"page","link":"http:\/\/www.artreade.dk\/?page_id=35","title":{"rendered":"Iris"},"content":{"rendered":"<p><span style=\"font-family: 'trebuchet ms', geneva;\"><img loading=\"lazy\" decoding=\"async\" src=\"http:\/\/artreade.dk\/images\/iris-www.jpg\" alt=\"Iris U. Schneider\" width=\"106\" height=\"128\" align=\"right\" \/><span style=\"font-size: 12pt;\">Iris U. Schneider har v\u00e6ret elev af Art Reade siden 1983 og arbejdet sammen med ham i 20 \u00e5r.<\/span><\/span><\/p>\n<p align=\"left\"><span style=\"font-family: 'trebuchet ms', geneva; font-size: 12pt;\">Udover at arrangere hans kurser, tolker hun p\u00e5 dem og er medunderviser p\u00e5 det videreg\u00e5ende kursus <strong>Abundance.<\/strong><\/span><\/p>\n<p align=\"left\"><span style=\"font-family: 'trebuchet ms', geneva; font-size: 12pt;\">Hun holder introduktionsforedragene og efterm\u00f8derne for Clearingkurserne.<\/span><\/p>\n<p align=\"left\"><span style=\"font-family: 'trebuchet ms', geneva; font-size: 12pt;\">Til daglig underviser hun i yoga og har firmaet In-Sight.<\/span><\/p>\n<p align=\"left\"><span style=\"font-family: 'trebuchet ms', geneva; font-size: 12pt;\">Du er velkommen til at kontakte Iris p\u00e5 <a href=\"http:\/\/www.in-sight.eu\/\">In-Sight<\/a>.<\/span><br \/>\n<span style=\"font-family: 'trebuchet ms', geneva; font-size: 12pt;\"> BEM\u00c6RK: Henvendelse vedr\u00f8rende Art Reade&#8217;s kurser skal ske til <a href=\"http:\/\/www.artreade.dk\/?page_id=39\">Torben<\/a>.<\/span><\/p>\n<p><span style=\"font-family: 'trebuchet ms', geneva; font-size: 12pt;\">Vil du h\u00f8re interview med Iris U. Schneider om Yoga og Hellinger Familieopstillinger? Klik dig ind p\u00e5 Jette Harthimmers hjemmeside, hvor der ligger en podcast med Iris:<\/span><\/p>\n<p><span style=\"font-family: 'trebuchet ms', geneva; font-size: 12pt;\"><a title=\"Klik p\u00e5 linket for at komme til interviewet\" href=\"http:\/\/www.clairvoyance.dk\/podcast\" target=\"_blank\">www.clairvoyance.dk <\/a><\/span><\/p>\n<p><span style=\"font-family: 'trebuchet ms', geneva; font-size: 12pt;\">V\u00e6lg lydfil nummer 38. Interviewet er fra 2005.<\/span><\/p>\n<p align=\"left\"><span style=\"font-family: 'trebuchet ms', geneva; font-size: 12pt;\"><strong>In-Sight<br \/>\nAllersgade 16,\u00a03. th.<br \/>\n2200 K\u00f8benhavn N<br \/>\nTelefon:\u00a020 64 58 19<br \/>\nemail: <a href=\"mailto:iris@in-sight.eu\">iris@in-sight.eu<\/a><\/strong><\/span><br \/>\n<span style=\"font-family: 'trebuchet ms', geneva; font-size: 12pt;\"> Se ogs\u00e5 <a href=\"http:\/\/www.in-sight.eu\" target=\"_blank\">www.in-sight.eu<\/a><br \/>\nCVR: 13798192<\/span><\/p>\n","protected":false},"excerpt":{"rendered":"<p>Iris U. Schneider har v\u00e6ret elev af Art Reade siden 1983 og arbejdet sammen med ham i 20 \u00e5r. Udover at arrangere hans kurser, tolker hun p\u00e5 dem og er medunderviser p\u00e5 det videreg\u00e5ende kursus Abundance. Hun holder introduktionsforedragene og &hellip; <a href=\"http:\/\/www.artreade.dk\/?page_id=35\">L\u00e6s resten <span class=\"meta-nav\">&rarr;<\/span><\/a><\/p>\n","protected":false},"author":1,"featured_media":0,"parent":33,"menu_order":0,"comment_status":"closed","ping_status":"closed","template":"onecolumn-page.php","meta":{"footnotes":""},"class_list":["post-35","page","type-page","status-publish","hentry"],"_links":{"self":[{"href":"http:\/\/www.artreade.dk\/index.php?rest_route=\/wp\/v2\/pages\/35"}],"collection":[{"href":"http:\/\/www.artreade.dk\/index.php?rest_route=\/wp\/v2\/pages"}],"about":[{"href":"http:\/\/www.artreade.dk\/index.php?rest_route=\/wp\/v2\/types\/page"}],"author":[{"embeddable":true,"href":"http:\/\/www.artreade.dk\/index.php?rest_route=\/wp\/v2\/users\/1"}],"replies":[{"embeddable":true,"href":"http:\/\/www.artreade.dk\/index.php?rest_route=%2Fwp%2Fv2%2Fcomments&post=35"}],"version-history":[{"count":10,"href":"http:\/\/www.artreade.dk\/index.php?rest_route=\/wp\/v2\/pages\/35\/revisions"}],"predecessor-version":[{"id":440,"href":"http:\/\/www.artreade.dk\/index.php?rest_route=\/wp\/v2\/pages\/35\/revisions\/440"}],"up":[{"embeddable":true,"href":"http:\/\/www.artreade.dk\/index.php?rest_route=\/wp\/v2\/pages\/33"}],"wp:attachment":[{"href":"http:\/\/www.artreade.dk\/index.php?rest_route=%2Fwp%2Fv2%2Fmedia&parent=35"}],"curies":[{"name":"wp","href":"https:\/\/api.w.org\/{rel}","templated":true}]}}