{"id":39,"date":"2014-03-17T19:01:30","date_gmt":"2014-03-17T19:01:30","guid":{"rendered":"http:\/\/www.artreade.dk\/?page_id=39"},"modified":"2018-01-24T08:32:51","modified_gmt":"2018-01-24T08:32:51","slug":"torben","status":"publish","type":"page","link":"http:\/\/www.artreade.dk\/?page_id=39","title":{"rendered":"Torben"},"content":{"rendered":"<p align=\"left\"><span style=\"font-family: 'trebuchet ms', geneva; font-size: 12pt;\">Torben startede p\u00e5 Art Reade&#8217;s kursus Clearing 1 i 1992 og har siden taget Clearing 2, Abundance, The Journey og Spiritual Relationships.<\/span><\/p>\n<p><img loading=\"lazy\" decoding=\"async\" class=\"size-thumbnail wp-image-655 alignright\" src=\"http:\/\/www.artreade.dk\/wp-content\/uploads\/2018\/01\/tnn-150x150.jpg\" alt=\"\" width=\"150\" height=\"150\" srcset=\"http:\/\/www.artreade.dk\/wp-content\/uploads\/2018\/01\/tnn-150x150.jpg 150w, http:\/\/www.artreade.dk\/wp-content\/uploads\/2018\/01\/tnn-300x300.jpg 300w, http:\/\/www.artreade.dk\/wp-content\/uploads\/2018\/01\/tnn.jpg 453w\" sizes=\"(max-width: 150px) 100vw, 150px\" \/><\/p>\n<p align=\"left\"><span style=\"font-family: 'trebuchet ms', geneva; font-size: 12pt;\">Har arbejdet som fast Practical Manager siden 1996 p\u00e5 Art Reades kurser.<\/span><\/p>\n<p align=\"left\"><span style=\"font-family: 'trebuchet ms', geneva; font-size: 12pt;\">Torben tager sig af al tilmelding, administration, information og kontakt for Art Reade&#8217;s kurser.<\/span><\/p>\n<p align=\"left\"><span style=\"font-family: 'trebuchet ms', geneva; font-size: 12pt;\">Torben er ogs\u00e5 webmaster p\u00e5 disse sider.<\/span><\/p>\n<p align=\"left\"><span style=\"font-family: 'trebuchet ms', geneva; font-size: 12pt;\">Du er altid velkommen til at kontakte Torben, skulle du have sp\u00f8rgsm\u00e5l, eller lignende, til kurserne p\u00e5:<\/span><\/p>\n<p align=\"left\"><span style=\"font-family: 'trebuchet ms', geneva; font-size: 12pt;\">Telefon:\u00a031\u00a038\u00a019 21<strong><br \/>\n<\/strong>email\u00a0\u00a0 : <a href=\"mailto: torben@hjerteakademiet.com\">torben@hjerteakademiet.com<\/a><\/span><\/p>\n","protected":false},"excerpt":{"rendered":"<p>Torben startede p\u00e5 Art Reade&#8217;s kursus Clearing 1 i 1992 og har siden taget Clearing 2, Abundance, The Journey og Spiritual Relationships. Har arbejdet som fast Practical Manager siden 1996 p\u00e5 Art Reades kurser. Torben tager sig af al tilmelding, &hellip; <a href=\"http:\/\/www.artreade.dk\/?page_id=39\">L\u00e6s resten <span class=\"meta-nav\">&rarr;<\/span><\/a><\/p>\n","protected":false},"author":1,"featured_media":0,"parent":33,"menu_order":1,"comment_status":"closed","ping_status":"closed","template":"onecolumn-page.php","meta":{"footnotes":""},"class_list":["post-39","page","type-page","status-publish","hentry"],"_links":{"self":[{"href":"http:\/\/www.artreade.dk\/index.php?rest_route=\/wp\/v2\/pages\/39"}],"collection":[{"href":"http:\/\/www.artreade.dk\/index.php?rest_route=\/wp\/v2\/pages"}],"about":[{"href":"http:\/\/www.artreade.dk\/index.php?rest_route=\/wp\/v2\/types\/page"}],"author":[{"embeddable":true,"href":"http:\/\/www.artreade.dk\/index.php?rest_route=\/wp\/v2\/users\/1"}],"replies":[{"embeddable":true,"href":"http:\/\/www.artreade.dk\/index.php?rest_route=%2Fwp%2Fv2%2Fcomments&post=39"}],"version-history":[{"count":11,"href":"http:\/\/www.artreade.dk\/index.php?rest_route=\/wp\/v2\/pages\/39\/revisions"}],"predecessor-version":[{"id":693,"href":"http:\/\/www.artreade.dk\/index.php?rest_route=\/wp\/v2\/pages\/39\/revisions\/693"}],"up":[{"embeddable":true,"href":"http:\/\/www.artreade.dk\/index.php?rest_route=\/wp\/v2\/pages\/33"}],"wp:attachment":[{"href":"http:\/\/www.artreade.dk\/index.php?rest_route=%2Fwp%2Fv2%2Fmedia&parent=39"}],"curies":[{"name":"wp","href":"https:\/\/api.w.org\/{rel}","templated":true}]}}