{"id":19,"date":"2014-03-14T21:01:50","date_gmt":"2014-03-14T21:01:50","guid":{"rendered":"http:\/\/www.artreade.dk\/?page_id=19"},"modified":"2018-02-24T15:30:21","modified_gmt":"2018-02-24T15:30:21","slug":"art-reade","status":"publish","type":"page","link":"https:\/\/www.artreade.dk\/?page_id=19","title":{"rendered":"Art Reade"},"content":{"rendered":"<p><img decoding=\"async\" src=\"http:\/\/www.artreade.dk\/images\/artportrait2005.png\" alt=\"\" align=\"right\" \/><span style=\"font-family: 'trebuchet ms', geneva, sans-serif;\">Art Reade er fra Phoenix Arizona.<\/span><\/p>\n<p><span style=\"font-family: 'trebuchet ms', geneva, sans-serif;\">Hans seminarer er baseret p\u00e5 resultaterne af\u00a0<i>Human Growth-<\/i>\u00a0bev\u00e6gelsen, s\u00e5vel som traditioner af hans indianske forf\u00e6dre. Han har de sidste 30 \u00e5r afholdt sine kurser i Europa, bl.a. Danmark og Tyskland.<\/span><\/p>\n<p><span style=\"font-family: 'trebuchet ms', geneva, sans-serif;\"> Han tilbyder flere forskellige kurser hvoraf Clearing kurserne er de mest kendte.<\/span><\/p>\n","protected":false},"excerpt":{"rendered":"<p>Art Reade er fra Phoenix Arizona. Hans seminarer er baseret p\u00e5 resultaterne af\u00a0Human Growth-\u00a0bev\u00e6gelsen, s\u00e5vel som traditioner af hans indianske forf\u00e6dre. Han har de sidste 30 \u00e5r afholdt sine kurser i Europa, bl.a. Danmark og Tyskland. Han tilbyder flere forskellige &hellip; <a href=\"https:\/\/www.artreade.dk\/?page_id=19\">L\u00e6s resten <span class=\"meta-nav\">&rarr;<\/span><\/a><\/p>\n","protected":false},"author":1,"featured_media":0,"parent":0,"menu_order":2,"comment_status":"closed","ping_status":"closed","template":"onecolumn-page.php","meta":{"footnotes":""},"class_list":["post-19","page","type-page","status-publish","hentry"],"_links":{"self":[{"href":"https:\/\/www.artreade.dk\/index.php?rest_route=\/wp\/v2\/pages\/19"}],"collection":[{"href":"https:\/\/www.artreade.dk\/index.php?rest_route=\/wp\/v2\/pages"}],"about":[{"href":"https:\/\/www.artreade.dk\/index.php?rest_route=\/wp\/v2\/types\/page"}],"author":[{"embeddable":true,"href":"https:\/\/www.artreade.dk\/index.php?rest_route=\/wp\/v2\/users\/1"}],"replies":[{"embeddable":true,"href":"https:\/\/www.artreade.dk\/index.php?rest_route=%2Fwp%2Fv2%2Fcomments&post=19"}],"version-history":[{"count":10,"href":"https:\/\/www.artreade.dk\/index.php?rest_route=\/wp\/v2\/pages\/19\/revisions"}],"predecessor-version":[{"id":751,"href":"https:\/\/www.artreade.dk\/index.php?rest_route=\/wp\/v2\/pages\/19\/revisions\/751"}],"wp:attachment":[{"href":"https:\/\/www.artreade.dk\/index.php?rest_route=%2Fwp%2Fv2%2Fmedia&parent=19"}],"curies":[{"name":"wp","href":"https:\/\/api.w.org\/{rel}","templated":true}]}}