{"id":423,"date":"2015-05-26T10:51:48","date_gmt":"2015-05-26T10:51:48","guid":{"rendered":"http:\/\/www.artreade.dk\/?page_id=423"},"modified":"2019-02-02T16:53:08","modified_gmt":"2019-02-02T16:53:08","slug":"velkommen-2","status":"publish","type":"page","link":"https:\/\/www.artreade.dk\/","title":{"rendered":"Velkommen"},"content":{"rendered":"<p dir=\"ltr\"><span style=\"font-family: trebuchet ms,geneva,sans-serif; font-size: 14pt;\">Velkommen til Art Reades danske hjemmeside.<\/span><\/p>\n<hr \/>\n<p style=\"text-align: center;\"><span style=\"font-family: trebuchet ms,geneva; font-size: 14pt;\"><a href=\"http:\/\/www.artreade.dk\/wp-content\/uploads\/2014\/11\/ArtReade_2014_crop.jpg\"><img loading=\"lazy\" decoding=\"async\" class=\" wp-image-312 alignright\" src=\"http:\/\/www.artreade.dk\/wp-content\/uploads\/2014\/11\/ArtReade_2014_crop-251x300.jpg\" alt=\"ArtReade_2014_crop\" width=\"219\" height=\"262\" srcset=\"https:\/\/www.artreade.dk\/wp-content\/uploads\/2014\/11\/ArtReade_2014_crop-251x300.jpg 251w, https:\/\/www.artreade.dk\/wp-content\/uploads\/2014\/11\/ArtReade_2014_crop.jpg 432w\" sizes=\"(max-width: 219px) 100vw, 219px\" \/><\/a><\/span><\/p>\n<div align=\"left\">\n<p><strong><span style=\"font-family: 'trebuchet ms', geneva, sans-serif;\"><span style=\"color: #000000;\"><span style=\"font-size: 16pt; color: #11b3eb;\">Clearing Basic<\/span><br \/>\n<\/span><\/span><\/strong><span style=\"color: #000000; font-family: 'trebuchet ms', geneva, sans-serif;\"><span style=\"font-size: 10pt;\">3 dages transformerende udviklingskursus til dig der \u00f8nsker et forrygende liv!<\/span><\/span><\/p>\n<p><span style=\"font-family: 'trebuchet ms', geneva, sans-serif; font-size: 12pt;\">Der bliver desv\u00e6rre ikke nogen kurser med Art Reade i 2019.<\/span><\/p>\n<p><span style=\"font-family: 'trebuchet ms', geneva, sans-serif;\">Der tages s\u00e6dvanlige forbehold for trykfejl etc.<\/span><\/p>\n<p><span style=\"font-family: 'trebuchet ms', geneva, sans-serif;\">Du er velkommen til at kontakte mig, skulle du have sp\u00f8rgsm\u00e5l.<\/span><\/p>\n<p><span style=\"font-family: 'trebuchet ms', geneva, sans-serif;\">Hjerteakademiet er v\u00e6rt for det n\u00e6ste Clearing Basis kursus. L\u00e6s mere <a href=\"http:\/\/www.artreade.dk\/?page_id=545\">her &gt;&gt;<\/a><\/span><\/p>\n<p><span style=\"font-family: 'trebuchet ms', geneva, sans-serif;\">Du finder alle oplysninger om kurset her p\u00e5 siderne. Skulle du alligevel have sp\u00f8rgsm\u00e5l er du\u00a0<span style=\"font-size: 12pt;\">altid velkommen til at kontakte <\/span><a style=\"font-size: 12pt;\" href=\"mailto:torben@hjerteakademiet.com\">Torben<\/a><span style=\"font-size: 12pt;\">.<\/span><\/span><\/p>\n<\/div>\n<p align=\"left\">\n","protected":false},"excerpt":{"rendered":"<p>Velkommen til Art Reades danske hjemmeside. Clearing Basic 3 dages transformerende udviklingskursus til dig der \u00f8nsker et forrygende liv! Der bliver desv\u00e6rre ikke nogen kurser med Art Reade i 2019. Der tages s\u00e6dvanlige forbehold for trykfejl etc. Du er velkommen &hellip; <a href=\"https:\/\/www.artreade.dk\/\">L\u00e6s resten <span class=\"meta-nav\">&rarr;<\/span><\/a><\/p>\n","protected":false},"author":1,"featured_media":0,"parent":0,"menu_order":0,"comment_status":"closed","ping_status":"closed","template":"onecolumn-page.php","meta":{"footnotes":""},"class_list":["post-423","page","type-page","status-publish","hentry"],"_links":{"self":[{"href":"https:\/\/www.artreade.dk\/index.php?rest_route=\/wp\/v2\/pages\/423"}],"collection":[{"href":"https:\/\/www.artreade.dk\/index.php?rest_route=\/wp\/v2\/pages"}],"about":[{"href":"https:\/\/www.artreade.dk\/index.php?rest_route=\/wp\/v2\/types\/page"}],"author":[{"embeddable":true,"href":"https:\/\/www.artreade.dk\/index.php?rest_route=\/wp\/v2\/users\/1"}],"replies":[{"embeddable":true,"href":"https:\/\/www.artreade.dk\/index.php?rest_route=%2Fwp%2Fv2%2Fcomments&post=423"}],"version-history":[{"count":69,"href":"https:\/\/www.artreade.dk\/index.php?rest_route=\/wp\/v2\/pages\/423\/revisions"}],"predecessor-version":[{"id":769,"href":"https:\/\/www.artreade.dk\/index.php?rest_route=\/wp\/v2\/pages\/423\/revisions\/769"}],"wp:attachment":[{"href":"https:\/\/www.artreade.dk\/index.php?rest_route=%2Fwp%2Fv2%2Fmedia&parent=423"}],"curies":[{"name":"wp","href":"https:\/\/api.w.org\/{rel}","templated":true}]}}