{"id":48,"date":"2014-03-17T19:06:57","date_gmt":"2014-03-17T19:06:57","guid":{"rendered":"http:\/\/www.artreade.dk\/?page_id=48"},"modified":"2018-02-02T20:23:47","modified_gmt":"2018-02-02T20:23:47","slug":"referencer","status":"publish","type":"page","link":"https:\/\/www.artreade.dk\/?page_id=48","title":{"rendered":"Referencer"},"content":{"rendered":"<p align=\"left\"><span style=\"font-family: 'trebuchet ms', geneva; font-size: 12pt;\">Det er efterh\u00e5nden mange \u00e5r siden jeg var p\u00e5 Clearing 1 og 2 og jeg har til stadighed stor gl\u00e6de af den viden, erkendelse og indsigt jeg fik den gang<\/span><\/p>\n<p align=\"right\"><span style=\"font-family: 'trebuchet ms', geneva; font-size: 12pt;\"><em>Inger Marie Andersen<\/em><\/span><\/p>\n<p align=\"left\"><span style=\"font-family: 'trebuchet ms', geneva; font-size: 12pt;\">\u00a0<\/span><\/p>\n<p align=\"center\"><span style=\"font-family: 'trebuchet ms', geneva; font-size: 12pt;\"><img loading=\"lazy\" decoding=\"async\" src=\"http:\/\/artreade.dk\/images\/bjerglille.gif\" alt=\"\" width=\"47\" height=\"24\" \/><\/span><\/p>\n<p align=\"left\"><span style=\"font-family: 'trebuchet ms', geneva; font-size: 12pt;\">De aftener og weekender med Art, dig og staben, har v\u00e6ret nogle af de vigtigste tidspunkter i mit liv &#8211; en rigtig \u00f8jen\u00e5bner. Jeg har meget nemmere ved at fokusere p\u00e5 de gode ting i livet.<\/span><br \/>\n<span style=\"font-family: 'trebuchet ms', geneva; font-size: 12pt;\"> Jeg kan ikke sige det ofte nok &#8211; TAK IRIS!!!!<\/span><\/p>\n<p align=\"right\"><span style=\"font-family: 'trebuchet ms', geneva; font-size: 12pt;\"><em>Pia H\u00f8ybye-Olsen<br \/>\nInformationsspecialist hos Patent &amp; Varem\u00e6rkestyrelsen<\/em><\/span><\/p>\n<p align=\"left\"><span style=\"font-family: 'trebuchet ms', geneva; font-size: 12pt;\">\u00a0<\/span><\/p>\n<p align=\"center\"><span style=\"font-family: 'trebuchet ms', geneva; font-size: 12pt;\"><img loading=\"lazy\" decoding=\"async\" src=\"http:\/\/artreade.dk\/images\/bjerglille.gif\" alt=\"\" width=\"47\" height=\"24\" \/><\/span><\/p>\n<p align=\"left\"><span style=\"font-family: 'trebuchet ms', geneva; font-size: 12pt;\">Kurset Basic Revue har v\u00e6ret helt afg\u00f8rende for mig, for at f\u00e5 integreret indholdet fra Clearing I i mit liv.<\/span><\/p>\n<p dir=\"ltr\" align=\"right\"><span style=\"font-family: 'trebuchet ms', geneva; font-size: 12pt;\"><em>Bente Schibye<br \/>\nFysiolog, Uddannelsesleder<\/em><\/span><\/p>\n<p align=\"center\"><span style=\"font-family: 'trebuchet ms', geneva; font-size: 12pt;\"><em><img loading=\"lazy\" decoding=\"async\" src=\"http:\/\/artreade.dk\/images\/bjerglille.gif\" alt=\"\" width=\"47\" height=\"24\" \/><\/em><\/span><\/p>\n<p><span style=\"font-family: 'trebuchet ms', geneva; font-size: 12pt;\">Jeg var deltager p\u00e5 en r\u00e6kke af Art&#8217;s kurser i 1991 og 1992. Et stykke tid efter kurset gik det op for mig at den migr\u00e6ne, som jeg havde lidt af siden barne\u00e5rerne ,\u00a0var forsvundet &#8211; og indtil i dag er\u00a0den ikke\u00a0kommet tilbage. Jeg t\u00e6nker\u00a0med taknemmelighed p\u00e5 den udvikling som jeg gennemgik i l\u00f8bet af Art&#8217;s kurser og som jeg har nydt godt af siden.<\/span><\/p>\n<p align=\"right\"><span style=\"font-family: 'trebuchet ms', geneva; font-size: 12pt;\"><em>Michael Lomborg Gudn\u00e6s<br \/>\nBygningstekniker<\/em>\u00a0<\/span><\/p>\n<p align=\"center\"><span style=\"font-family: 'trebuchet ms', geneva; font-size: 12pt;\"><img loading=\"lazy\" decoding=\"async\" src=\"http:\/\/artreade.dk\/images\/bjerglille.gif\" alt=\"\" width=\"47\" height=\"24\" \/><\/span><\/p>\n<p align=\"left\"><span style=\"font-family: 'trebuchet ms', geneva; font-size: 12pt;\">Jeg deltog p\u00e5 Clearing I og II i 1986\/87 og jeg har stadig hver eneste dag, her 20 \u00e5r senere, gl\u00e6de af det jeg l\u00e6rte.<\/span><\/p>\n<p align=\"right\"><span style=\"font-family: 'trebuchet ms', geneva; font-size: 12pt;\"><em>Carsten Sommerskov<br \/>\nDirekt\u00f8r, forfatter og mentaltr\u00e6ner<\/em><\/span><\/p>\n<p align=\"center\"><span style=\"font-family: 'trebuchet ms', geneva; font-size: 12pt;\"><img loading=\"lazy\" decoding=\"async\" src=\"http:\/\/artreade.dk\/images\/bjerglille.gif\" alt=\"\" width=\"47\" height=\"24\" \/><\/span><\/p>\n","protected":false},"excerpt":{"rendered":"<p>Det er efterh\u00e5nden mange \u00e5r siden jeg var p\u00e5 Clearing 1 og 2 og jeg har til stadighed stor gl\u00e6de af den viden, erkendelse og indsigt jeg fik den gang Inger Marie Andersen \u00a0 De aftener og weekender med Art, &hellip; <a href=\"https:\/\/www.artreade.dk\/?page_id=48\">L\u00e6s resten <span class=\"meta-nav\">&rarr;<\/span><\/a><\/p>\n","protected":false},"author":1,"featured_media":0,"parent":0,"menu_order":12,"comment_status":"closed","ping_status":"closed","template":"onecolumn-page.php","meta":{"footnotes":""},"class_list":["post-48","page","type-page","status-publish","hentry"],"_links":{"self":[{"href":"https:\/\/www.artreade.dk\/index.php?rest_route=\/wp\/v2\/pages\/48"}],"collection":[{"href":"https:\/\/www.artreade.dk\/index.php?rest_route=\/wp\/v2\/pages"}],"about":[{"href":"https:\/\/www.artreade.dk\/index.php?rest_route=\/wp\/v2\/types\/page"}],"author":[{"embeddable":true,"href":"https:\/\/www.artreade.dk\/index.php?rest_route=\/wp\/v2\/users\/1"}],"replies":[{"embeddable":true,"href":"https:\/\/www.artreade.dk\/index.php?rest_route=%2Fwp%2Fv2%2Fcomments&post=48"}],"version-history":[{"count":4,"href":"https:\/\/www.artreade.dk\/index.php?rest_route=\/wp\/v2\/pages\/48\/revisions"}],"predecessor-version":[{"id":741,"href":"https:\/\/www.artreade.dk\/index.php?rest_route=\/wp\/v2\/pages\/48\/revisions\/741"}],"wp:attachment":[{"href":"https:\/\/www.artreade.dk\/index.php?rest_route=%2Fwp%2Fv2%2Fmedia&parent=48"}],"curies":[{"name":"wp","href":"https:\/\/api.w.org\/{rel}","templated":true}]}}