{"id":594,"date":"2016-11-29T13:16:33","date_gmt":"2016-11-29T13:16:33","guid":{"rendered":"http:\/\/www.artreade.dk\/?page_id=594"},"modified":"2018-01-31T13:38:35","modified_gmt":"2018-01-31T13:38:35","slug":"nyhedsmail","status":"publish","type":"page","link":"https:\/\/www.artreade.dk\/?page_id=594","title":{"rendered":"Nyhedsmail"},"content":{"rendered":"<h1 class=\"entry-title\"><span style=\"font-family: 'trebuchet ms', geneva, sans-serif; font-size: 12pt;\">\u00d8nsker du at modtage nyhedsmail om Arts kurser, kan du tilmelde dig her.<\/span><\/h1>\n<div class=\"entry-content\">\n<p><span style=\"font-family: 'trebuchet ms', geneva, sans-serif; font-size: 12pt;\">Udfyld nedenst\u00e5ende tilmeldings formular og klik p\u00e5 send.<\/span><\/p>\n<hr \/>\n<p style=\"text-align: center;\"><span style=\"color: #11b3eb;\"><strong><span style=\"font-family: 'trebuchet ms', geneva, sans-serif; font-size: 24pt;\">Tilmelding til Art Reade Mailingliste<\/span><\/strong><\/span><\/p>\n<p>[mc4wp_form id=&#8221;661&#8243;]<\/p>\n<\/div>\n","protected":false},"excerpt":{"rendered":"<p>\u00d8nsker du at modtage nyhedsmail om Arts kurser, kan du tilmelde dig her. Udfyld nedenst\u00e5ende tilmeldings formular og klik p\u00e5 send. Tilmelding til Art Reade Mailingliste [mc4wp_form id=&#8221;661&#8243;]<\/p>\n","protected":false},"author":1,"featured_media":0,"parent":0,"menu_order":0,"comment_status":"closed","ping_status":"closed","template":"onecolumn-page.php","meta":{"footnotes":""},"class_list":["post-594","page","type-page","status-publish","hentry"],"_links":{"self":[{"href":"https:\/\/www.artreade.dk\/index.php?rest_route=\/wp\/v2\/pages\/594"}],"collection":[{"href":"https:\/\/www.artreade.dk\/index.php?rest_route=\/wp\/v2\/pages"}],"about":[{"href":"https:\/\/www.artreade.dk\/index.php?rest_route=\/wp\/v2\/types\/page"}],"author":[{"embeddable":true,"href":"https:\/\/www.artreade.dk\/index.php?rest_route=\/wp\/v2\/users\/1"}],"replies":[{"embeddable":true,"href":"https:\/\/www.artreade.dk\/index.php?rest_route=%2Fwp%2Fv2%2Fcomments&post=594"}],"version-history":[{"count":8,"href":"https:\/\/www.artreade.dk\/index.php?rest_route=\/wp\/v2\/pages\/594\/revisions"}],"predecessor-version":[{"id":715,"href":"https:\/\/www.artreade.dk\/index.php?rest_route=\/wp\/v2\/pages\/594\/revisions\/715"}],"wp:attachment":[{"href":"https:\/\/www.artreade.dk\/index.php?rest_route=%2Fwp%2Fv2%2Fmedia&parent=594"}],"curies":[{"name":"wp","href":"https:\/\/api.w.org\/{rel}","templated":true}]}}