{"id":618,"date":"2018-01-13T20:57:41","date_gmt":"2018-01-13T20:57:41","guid":{"rendered":"http:\/\/www.artreade.dk\/?page_id=618"},"modified":"2018-02-02T20:06:43","modified_gmt":"2018-02-02T20:06:43","slug":"praktiske-oplysninger-3","status":"publish","type":"page","link":"https:\/\/www.artreade.dk\/?page_id=618","title":{"rendered":"Praktiske Oplysninger"},"content":{"rendered":"<p><span style=\"font-family: 'trebuchet ms', geneva, sans-serif;\"><span style=\"font-size: 12pt;\"><strong><span style=\"color: #b20000;\"><span style=\"color: #11b3eb;\">Pris\/Price<\/span><br \/>\n<\/span><\/strong><\/span><strong>Clearing Basis\/<em>Clearing\u00a0Basic<\/em><br \/>\n<\/strong>Kurset koster: <b>3.000\u00a0kr.<\/b><\/span><br \/>\n<span style=\"font-family: 'trebuchet ms', geneva, sans-serif;\"><em> Basic: <strong>3.0<\/strong><strong>00<\/strong><strong>\u00a0DKK.\u00a0<\/strong><\/em><\/span><br \/>\n<span style=\"font-family: 'trebuchet ms', geneva, sans-serif;\"> <strong><br \/>\n<\/strong><span style=\"font-size: 12pt;\"><strong><span style=\"color: #b20000;\"><span style=\"color: #11b3eb;\">Betaling\/<em>Payment<\/em><\/span><br \/>\n<\/span><\/strong><\/span><span style=\"font-size: 12pt;\">Indbetaling skal ske til:<\/span><span style=\"font-size: 12pt;\"><br \/>\nHjerteakademiet, Danske Bank, Reg nr. 4453 Konto nr. 0010068010<\/span><\/span><\/p>\n<p><span style=\"font-family: 'trebuchet ms', geneva, sans-serif;\">From Abroad:<\/span><br \/>\n<span style=\"font-family: 'trebuchet ms', geneva, sans-serif;\"> SWIFT: DABADKKK<\/span><br \/>\n<span style=\"font-family: 'trebuchet ms', geneva, sans-serif;\"> IBAN: 8630000010068010<\/span><\/p>\n<p><span style=\"font-family: 'trebuchet ms', geneva, sans-serif;\"><strong><span style=\"color: #b20000;\"><span style=\"color: #11b3eb;\">Husk at opgive navn og hvilket kursus du tilmelder dig, s\u00e5 vi kan identificere indbetalingen \ud83d\ude42<\/span><br \/>\n<span style=\"color: #000000;\"><em>Please remember to inform us about what course you are paying for \ud83d\ude42<\/em><\/span><\/span><\/strong><\/span><\/p>\n<p><span style=\"font-family: 'trebuchet ms', geneva, sans-serif;\"><span style=\"font-size: 12pt;\"><strong><span style=\"color: #b20000;\"><span style=\"color: #11b3eb;\">Tilmelding\/Enrolment<\/span><br \/>\n<\/span><\/strong><\/span>Du er tilmeldt kurset, n\u00e5r du<\/span><br \/>\n<span style=\"font-family: 'trebuchet ms', geneva, sans-serif; font-size: 12pt;\"> <em>You are registered when you<\/em><\/span><\/p>\n<ul>\n<li>\n<div align=\"left\"><span style=\"font-family: 'trebuchet ms', geneva, sans-serif;\">Har indbetalt depositum: HUSK AT\u00a0skrive\u00a0kursustitel og dit navn p\u00e5 din indbetaling.<\/span><br \/>\n<span style=\"font-family: 'trebuchet ms', geneva, sans-serif; font-size: 12pt;\"> <em>Have paid the deposit: REMEMBER TO write the course title and your name.<\/em><\/span><\/div>\n<\/li>\n<li><span style=\"font-size: 12pt; font-family: 'trebuchet ms', geneva, sans-serif;\">Har udfyldt og sendt tilmeldings formularen.<\/span><br \/>\n<span style=\"font-size: 12pt; font-family: 'trebuchet ms', geneva, sans-serif;\"> <em>Have filled out and send the application form.<\/em><\/span><\/li>\n<li>\n<div align=\"left\"><span style=\"font-size: 12pt; font-family: 'trebuchet ms', geneva, sans-serif;\">Restbel\u00f8bet skal v\u00e6re betalt senest 1 m\u00e5ned f\u00f8r kursusstart.<\/span><br \/>\n<span style=\"font-family: 'trebuchet ms', geneva, sans-serif;\"> <em><span style=\"font-size: 12pt;\">The balance must be paid no later than 1 month before start of the cours.<\/span><\/em><\/span><\/div>\n<\/li>\n<\/ul>\n<p align=\"left\"><span style=\"font-family: 'trebuchet ms', geneva, sans-serif;\"><span style=\"font-size: 12pt;\">Ca. 14 dage f\u00f8r kursus start modtager du endelig bekr\u00e6ftelse indeholdende bl. a. praktiske oplysninger.<br \/>\n<\/span><em><span style=\"font-size: 12pt;\">About 14 days before the course starts you&#8217;ll receive a final confirmation including practical information among other things.<\/span><\/em><\/span><\/p>\n<p align=\"left\"><span style=\"font-family: 'trebuchet ms', geneva, sans-serif; font-size: 12pt;\"><strong>Bem\u00e6rk:<\/strong> Til Clearing 1\u00a0skal vi bruge et foto af dig, som du kan sende\u00a0 p\u00e5 email til <a href=\"mailto:torben@hjerteakademiet.com\">Torben<\/a>.<br \/>\n<em><strong>Please note:<\/strong> For Basic we need a photo of you, as new as possible. You can mail the photo to <a href=\"mailto:torben@hjerteakademiet.com\">Torben<\/a>.<\/em><\/span><\/p>\n<p><span style=\"font-size: 12pt; font-family: 'trebuchet ms', geneva, sans-serif;\"><strong><span style=\"color: #b20000;\"><span style=\"color: #11b3eb;\">Frameldingsbetingelser\/<em>Terms of deregistration<\/em><\/span><br \/>\n<\/span>Depositum refunderes ikke<\/strong>.<br \/>\n<em><strong>Deposit is not refundable<\/strong>.<\/em><\/span><\/p>\n<p><span style=\"font-size: 12pt; font-family: 'trebuchet ms', geneva, sans-serif;\">Ved framelding<br \/>\n<em>If you withdraw registration<\/em><\/span><\/p>\n<ul>\n<li><span style=\"font-size: 12pt; font-family: 'trebuchet ms', geneva, sans-serif;\">Mere end 1 m\u00e5ned f\u00f8r kursusstat refunderes hele kursusbel\u00f8bet, minus depositum.<br \/>\n<em>More than 1 month before start of the course the full amount is refunded, minus deposit.<\/em><\/span><\/li>\n<li><span style=\"font-size: 12pt; font-family: 'trebuchet ms', geneva, sans-serif;\">Mindre end 1 m\u00e5ned f\u00f8r kursusstart refunderes 50% af kursusbel\u00f8bet, minus depositum.<br \/>\n<em>Less than 1 month before start of the course 50% of the amount is refundes, minus deposit.<\/em><\/span><\/li>\n<li><span style=\"font-size: 12pt; font-family: 'trebuchet ms', geneva, sans-serif;\">Mindre end 14 dage f\u00f8r kursusstart refunderes bel\u00f8bet ikke!<\/span><br \/>\n<span style=\"font-size: 12pt; font-family: 'trebuchet ms', geneva, sans-serif;\"> Dog kan kursuspladsen overdrages til anden part <strong>mod et administrationsgebyr p\u00e5 150,- kr<\/strong>.<br \/>\n<em>Less than 14 days before start of the course no refund is paid!<\/em><br \/>\n<em>However it is possible to hand over the your place to another. <strong>This will cost you 150 DKK in administration.<\/strong><\/em><\/span><\/li>\n<\/ul>\n<p dir=\"ltr\"><span style=\"font-size: 12pt; font-family: 'trebuchet ms', geneva, sans-serif;\"><strong><span style=\"color: #b20000;\"><span style=\"color: #11b3eb;\">Datoer og tider\/<em>Dates and time<\/em><\/span><br \/>\n<\/span><\/strong>Bem\u00e6rk!\u00a0Alle sluttider er\u00a0ca. tider.<br \/>\n<em>Please note! All <span style=\"text-decoration: underline;\">end<\/span> times is about &#8230;<b><br \/>\n<\/b><\/em><\/span><br \/>\n<span style=\"font-size: 12pt; font-family: 'trebuchet ms', geneva, sans-serif;\"> <strong> Clearing Basis\/<em>Clearing Basic<\/em><br \/>\n<\/strong><span style=\"color: #b20000;\"><span style=\"color: #11b3eb;\">1. &#8211; 3.\u00a0juni\u00a02018<\/span><br \/>\n<span style=\"color: #11b3eb;\"><em>June 1<sup>st<\/sup> &#8211; 3<sup>rd<\/sup> 2018<\/em><\/span><\/span><\/span><\/p>\n<p dir=\"ltr\"><span style=\"font-size: 12pt; font-family: 'trebuchet ms', geneva, sans-serif;\"> Fredag: Start <strong>kl. 13.00<\/strong>\u00a0<span style=\"text-decoration: underline;\">pr\u00e6cis<\/span>. Check in\u00a0fra kl. <strong>12:00<\/strong> (D\u00f8rene lukkes kl. 13:00)<br \/>\n<em>Friday: Start 13:00 <span style=\"text-decoration: underline;\">exact<\/span>. Check in from 12:00 (The doors are closed at 13:00 precise)<\/em><br \/>\nL\u00f8rdag:\u00a0 Kl. 09:00 &#8211; ca. 22:00<br \/>\n<em>Saturday: 09:00 &#8211; about 22:00<\/em><br \/>\nS\u00f8mdag: Kl. 09:00 &#8211; ca. 22:00<br \/>\n<em>Sunday: 09:00 &#8211; about 22:00<\/em><\/span><\/p>\n<p dir=\"ltr\"><span style=\"font-family: 'trebuchet ms', geneva, sans-serif;\"><strong><span style=\"font-size: 12pt;\"><span style=\"color: #b20000;\"><span style=\"color: #11b3eb;\">Bem\u00e6rk!\/Please Note<\/span><br \/>\n<\/span><\/span><\/strong><span style=\"font-size: 12pt;\">Det er vigtigt at du holder dig fri fra andre aftaler under kurset, samt at du s\u00f8rger for at du kan deltage til kurset er <strong>helt<\/strong> slut.<br \/>\n<em>It is important that you keep clear of other arangements during the course and that you see to that you can partipate to the end.<\/em><\/span><\/span><\/p>\n<p><span style=\"font-size: 12pt; font-family: 'trebuchet ms', geneva, sans-serif;\"><span style=\"color: #11b3eb;\"><strong>Praktiske oplysninger\/<em>Practical information<\/em><\/strong><\/span><br \/>\nDu skal medbringe:<br \/>\n<em>Please bring:<\/em><\/span><\/p>\n<ul>\n<li><span style=\"font-size: 12pt; font-family: 'trebuchet ms', geneva, sans-serif;\">T\u00e6ppe og\/eller pude til at sidde p\u00e5.<br \/>\n<em>A blanket and\/or a cushion to sit on.<\/em><\/span><\/li>\n<li><span style=\"font-size: 12pt; font-family: 'trebuchet ms', geneva, sans-serif;\">Varme sokker. Der m\u00e5 ikke bruges ude sko, eller sutsko, i rummet.<br \/>\n<em>Socks to keep your feet warm. Out door shoes, or carpet slippers, are not allowed in the room.<br \/>\n<\/em><\/span><\/li>\n<li><span style=\"font-size: 12pt; font-family: 'trebuchet ms', geneva, sans-serif;\">Din egen kop\/krus (Vi serverer urtete i pauserne).<br \/>\n<em>Your own cup or mug. (We serve tea in the breaks).<\/em><\/span><\/li>\n<li><span style=\"font-size: 12pt; font-family: 'trebuchet ms', geneva, sans-serif;\">Bestik til at spise din mad med.<br \/>\n<em>Knife and fork to eat your food with.<\/em><\/span><\/li>\n<li><span style=\"font-size: 12pt; font-family: 'trebuchet ms', geneva, sans-serif;\">Gerne en \u00bd l. flaske med skruel\u00e5g til vand.<br \/>\n<em>A \u00bdl bottle with screw top\/screwcap for water.<\/em><\/span><\/li>\n<\/ul>\n<p><span style=\"font-size: 14px; font-family: 'trebuchet ms', geneva, sans-serif; color: #11b3eb;\"><span style=\"font-size: 12pt;\"><strong>Kursus Adresse\/Address for the Seminar<br \/>\n<\/strong><\/span><\/span><span style=\"font-family: 'trebuchet ms', geneva, sans-serif; color: black; font-size: 12pt;\">Spoons Spiseri<br \/>\nc\/o \u00d8resundskollegiet<br \/>\nDalslandsgade 8F<br \/>\n2300 K\u00f8benhavn S<\/span><b><\/b><\/p>\n<p><span style=\"font-family: 'trebuchet ms', geneva, sans-serif; font-size: 12pt;\">Klik\u00a0<a href=\"https:\/\/goo.gl\/maps\/n3wQzvgRcMy\" target=\"_blank\" rel=\"noopener\">her<\/a> for adressen p\u00e5 Google Maps. Herfra er det muligt at lave k\u00f8revejledning.<br \/>\n<em>Click <a href=\"http:\/\/goo.gl\/maps\/JZmOq\" target=\"_blank\" rel=\"noopener\">here<\/a> for the address on Google Maps.<\/em><\/span><\/p>\n<p>&nbsp;<\/p>\n","protected":false},"excerpt":{"rendered":"<p>Pris\/Price Clearing Basis\/Clearing\u00a0Basic Kurset koster: 3.000\u00a0kr. Basic: 3.000\u00a0DKK.\u00a0 Betaling\/Payment Indbetaling skal ske til: Hjerteakademiet, Danske Bank, Reg nr. 4453 Konto nr. 0010068010 From Abroad: SWIFT: DABADKKK IBAN: 8630000010068010 Husk at opgive navn og hvilket kursus du tilmelder dig, s\u00e5 vi &hellip; <a href=\"https:\/\/www.artreade.dk\/?page_id=618\">L\u00e6s resten <span class=\"meta-nav\">&rarr;<\/span><\/a><\/p>\n","protected":false},"author":1,"featured_media":0,"parent":0,"menu_order":0,"comment_status":"closed","ping_status":"closed","template":"onecolumn-page.php","meta":{"footnotes":""},"class_list":["post-618","page","type-page","status-publish","hentry"],"_links":{"self":[{"href":"https:\/\/www.artreade.dk\/index.php?rest_route=\/wp\/v2\/pages\/618"}],"collection":[{"href":"https:\/\/www.artreade.dk\/index.php?rest_route=\/wp\/v2\/pages"}],"about":[{"href":"https:\/\/www.artreade.dk\/index.php?rest_route=\/wp\/v2\/types\/page"}],"author":[{"embeddable":true,"href":"https:\/\/www.artreade.dk\/index.php?rest_route=\/wp\/v2\/users\/1"}],"replies":[{"embeddable":true,"href":"https:\/\/www.artreade.dk\/index.php?rest_route=%2Fwp%2Fv2%2Fcomments&post=618"}],"version-history":[{"count":16,"href":"https:\/\/www.artreade.dk\/index.php?rest_route=\/wp\/v2\/pages\/618\/revisions"}],"predecessor-version":[{"id":733,"href":"https:\/\/www.artreade.dk\/index.php?rest_route=\/wp\/v2\/pages\/618\/revisions\/733"}],"wp:attachment":[{"href":"https:\/\/www.artreade.dk\/index.php?rest_route=%2Fwp%2Fv2%2Fmedia&parent=618"}],"curies":[{"name":"wp","href":"https:\/\/api.w.org\/{rel}","templated":true}]}}